{"id":5659,"date":"2021-07-09T11:29:42","date_gmt":"2021-07-09T11:29:42","guid":{"rendered":"https:\/\/ipkmasht.rks-gov.net\/legjislacioni\/"},"modified":"2021-08-13T10:13:40","modified_gmt":"2021-08-13T10:13:40","slug":"legislation","status":"publish","type":"page","link":"https:\/\/ipkmasht.rks-gov.net\/en\/legislation\/","title":{"rendered":"Legislation"},"content":{"rendered":"<p>[vc_row][vc_column width=&#8221;1\/2&#8243;][vc_raw_html]JTNDc3R5bGUlM0UlMEEuY29udGVudCUyMHVsJTIwJTdCJTBBJTIwJTIwJTIwJTIwbGlzdC1zdHlsZSUzQSUyMGRpc2MlM0IlMEElMjAlMjAlMjAlMjBsaXN0LXN0eWxlJTNBJTIwbm9uZSUyMCUyMWltcG9ydGFudCUzQiUwQSU3RCUwQSUwQS5sZWZ0LXNlY3Rpb24lMjB1bC5wdWJsaWtpbWUlMjAlN0IlMEElMjAlMjAlMjAlMjBwYWRkaW5nLWxlZnQlM0ElMjAwJTNCJTBBJTIwJTIwJTIwJTIwbWFyZ2luLXRvcCUzQSUyMDIwcHglM0IlMEElMjAlMjAlMjAlMjBsaXN0LXR5cGUlM0ElMjBub25lJTIwJTIxSW1wb3J0YW50JTNCJTBBJTdEJTBBdWwucHVibGlraW1lJTIwbGklMjBhJTJDJTIwdWwua29ua3Vyc2UlMjBsaSUyMGElMjAlN0IlMEElMjAlMjAlMjAlMjBkaXNwbGF5JTNBJTIwYmxvY2slM0IlMEElN0QlMEF1bCUyMGxpJTIwYSUyMCU3QiUwQSUyMCUyMCUyMCUyMHRleHQtZGVjb3JhdGlvbiUzQSUyMG5vbmUlM0IlMEElN0QlMEElMEF1bC5wdWJsaWtpbWUlMjBsaSUyMHNwYW4uZGF0ZV90aW1lJTIwJTdCJTBBJTIwJTIwJTIwJTIwY29sb3IlM0ElMjAlMjM5OTk5OTklM0IlMEElN0QlMEF1bC5wdWJsaWtpbWUlMjBsaSUyMHAlMjAlN0IlMEElMjAlMjAlMjAlMjBjb2xvciUzQSUyMCUyMzY3Njc2NyUzQiUwQSUyMCUyMCUyMCUyMGZvbnQtc2l6ZSUzQSUyMDE2cHglM0IlMEElMjAlMjAlMjAlMjBtYXJnaW4tYm90dG9tJTNBJTIwMCUzQiUwQSUyMCUyMCUyMCUyMC13ZWJraXQtdHJhbnNpdGlvbiUzQSUyMGFsbCUyMDI1MG1zJTNCJTBBJTIwJTIwJTIwJTIwLW1vei10cmFuc2l0aW9uJTNBJTIwYWxsJTIwMjUwbXMlM0IlMEElMjAlMjAlMjAlMjAtby10cmFuc2l0aW9uJTNBJTIwYWxsJTIwMjUwbXMlM0IlMEElN0QlMEElMEElNDBtZWRpYSUyMCUyOG1pbi13aWR0aCUzQSUyMDY0MHB4JTI5JTBBLmNvbC1sZy0xJTJDJTIwLmNvbC1sZy0yJTJDJTIwLmNvbC1sZy0zJTJDJTIwLmNvbC1sZy00JTJDJTIwLmNvbC1sZy01JTJDJTIwLmNvbC1sZy02JTJDJTIwLmNvbC1sZy03JTJDJTIwLmNvbC1sZy04JTJDJTIwLmNvbC1sZy05JTJDJTIwLmNvbC1sZy0xMCUyQyUyMC5jb2wtbGctMTElMkMlMjAuY29sLWxnLTEyJTIwJTdCJTBBJTIwJTIwJTIwJTIwZmxvYXQlM0ElMjBsZWZ0JTNCJTBBJTdEJTBBdWwucHVibGlraW1lJTIwbGklMjAlN0IlMEElMjAlMjAlMjAlMjBiYWNrZ3JvdW5kJTNBJTIwdXJsJTI4aHR0cHMlM0ElMkYlMkZpcGttYXNodC5ya3MtZ292Lm5ldCUyRndwLWNvbnRlbnQlMkZ1cGxvYWRzJTJGMjAyMSUyRjA3JTJGcGRmLWdyYXkucG5nJTI5JTIwbm8tcmVwZWF0JTIwMCUyMDVweCUzQiUwQSUyMCUyMCUyMCUyMHBhZGRpbmctbGVmdCUzQSUyMDU1cHglM0IlMEElMjAlMjAlMjAlMjBib3JkZXItYm90dG9tJTNBJTIwMXB4JTIwc29saWQlMjAlMjNiYmJiYmIlM0IlMEElMjAlMjAlMjAlMjBtYXJnaW4tYm90dG9tJTNBJTIwMTZweCUzQiUwQSUyMCUyMCUyMCUyMC13ZWJraXQtdHJhbnNpdGlvbiUzQSUyMGFsbCUyMDI1MG1zJTNCJTBBJTIwJTIwJTIwJTIwLW1vei10cmFuc2l0aW9uJTNBJTIwYWxsJTIwMjUwbXMlM0IlMEElMjAlMjAlMjAlMjAtby10cmFuc2l0aW9uJTNBJTIwYWxsJTIwMjUwbXMlM0IlMEElMjAlMjAlMjAlMjBtaW4taGVpZ2h0JTNBJTIwNjhweCUzQiUwQSU3RCUwQSUwQXVsLnB1Ymxpa2ltZSUyMGxpJTNBaG92ZXIlMjAlN0IlMEElMjAlMjAlMjAlMjBiYWNrZ3JvdW5kJTNBJTIwdXJsJTI4JTI3aHR0cHMlM0ElMkYlMkZpcGttYXNodC5ya3MtZ292Lm5ldCUyRndwLWNvbnRlbnQlMkZ1cGxvYWRzJTJGMjAyMSUyRjA3JTJGcGRmLWxpZ2h0LWJsdWUucG5nJTI3JTI5JTIwbm8tcmVwZWF0JTIwMCUyMDVweCUzQiUwQSUyMCUyMCUyMCUyMGJvcmRlci1ib3R0b20lM0ElMjAxcHglMjBzb2xpZCUyMCUyMzUwOTNiZCUzQiUwQSUyMCUyMCUyMCUyMC13ZWJraXQtdHJhbnNpdGlvbiUzQSUyMGFsbCUyMDI1MG1zJTNCJTBBJTIwJTIwJTIwJTIwLW1vei10cmFuc2l0aW9uJTNBJTIwYWxsJTIwMjUwbXMlM0IlMEElMjAlMjAlMjAlMjAtby10cmFuc2l0aW9uJTNBJTIwYWxsJTIwMjUwbXMlM0IlMEElN0QlMEF1bC5wdWJsaWtpbWUlMjBsaSUzQWxhc3QtY2hpbGQlMjAlN0IlMEElMjAlMjAlMjAlMjBtaW4taGVpZ2h0JTNBJTIwNjhweCUzQiUwQSU3RCUwQSUwQSUwQSUzQyUyRnN0eWxlJTNFJTBBJTNDJTJGaGVhZCUzRSUwQSUzQ2JvZHklM0UlMEElMEElMEElM0N1bCUyMGNsYXNzJTNEJTIycHVibGlraW1lJTIwY29sLWxnLTEyJTIwY29sLXhzLTEyJTIwY29sLW1kLTEyJTIwY29sLXNtLTEyJTIwbm9wYWRkaW5nJTIyJTNFJTBBJTNDaDQlMjBzdHlsZSUzRCUyMnBhZGRpbmctYm90dG9tJTNBJTIwMzBweCUzQiUyMiUzRSUyMExhd3MlMjAlM0MlMkZoNCUzRSUwQSUwQSUzQ2xpJTNFJTNDYSUyMHRhcmdldCUzRCUyMl9ibGFuayUyMiUyMGhyZWYlM0QlMjJodHRwcyUzQSUyRiUyRmlwa21hc2h0LnJrcy1nb3YubmV0JTJGd3AtY29udGVudCUyRnVwbG9hZHMlMkYyMDIwJTJGMTIlMkZMaWdqaS1pLVB1bmVzLnBkZiUyMiUzRSUwQSUzQ3NwYW4lMjBjbGFzcyUzRCUyMmRhdGVfdGltZSUyMiUzRTAxLjEwLjIwMTAlM0MlMkZzcGFuJTNFJTBBJTNDcCUyMGNsYXNzJTNEJTIydGl0dWxsaSUyMiUzRUxpZ2ppJTIwaSUyMHB1biVDMyVBQnMlM0MlMkZwJTNFJTNDJTJGYSUzRSUzQyUyRmxpJTNFJTBBJTBBJTNDbGklM0UlM0NhJTIwdGFyZ2V0JTNEJTIyX2JsYW5rJTIyJTIwaHJlZiUzRCUyMmh0dHBzJTNBJTJGJTJGaXBrbWFzaHQucmtzLWdvdi5uZXQlMkZ3cC1jb250ZW50JTJGdXBsb2FkcyUyRjIwMjAlMkYxMiUyRkxpZ2ppLVBlci1TaGVyYnllc2l0LUNpdmlsLnBkZiUyMiUzRSUwQSUzQ3NwYW4lMjBjbGFzcyUzRCUyMmRhdGVfdGltZSUyMiUzRTEzLjA1LjIwMTAlM0MlMkZzcGFuJTNFJTBBJTNDcCUyMGNsYXNzJTNEJTIydGl0dWxsaSUyMiUzRUxpZ2ppJTIwcCVDMyVBQnIlMjBzaCVDMyVBQnJieWVzaXQlMjBjaXZpbCUzQyUyRnAlM0UlM0MlMkZhJTNFJTNDJTJGbGklM0UlMEElMEElM0NsaSUzRSUzQ2ElMjB0YXJnZXQlM0QlMjJfYmxhbmslMjIlMjBocmVmJTNEJTIyaHR0cHMlM0ElMkYlMkZpcGttYXNodC5ya3MtZ292Lm5ldCUyRndwLWNvbnRlbnQlMkZ1cGxvYWRzJTJGMjAyMCUyRjEyJTJGTGlnamktUGVyLVZlcHJpbXRhcmktS2Vya2ltb3JlLVNoa2VuY29yZS5wZGYlMjIlM0UlMEElM0NzcGFuJTIwY2xhc3MlM0QlMjJkYXRlX3RpbWUlMjIlM0UyOC4wMy4yMDEzJTNDJTJGc3BhbiUzRSUwQSUzQ3AlMjBjbGFzcyUzRCUyMnRpdHVsbGklMjIlM0VMaWdqaSUyMHAlQzMlQUJyJTIwdmVwcmltdGFyaSUyMGslQzMlQUJya2ltb3JlJTIwc2hrZW5jb3JlJTNDJTJGcCUzRSUzQyUyRmElM0UlM0MlMkZsaSUzRSUwQSUwQSUwQSUzQ2g0JTIwc3R5bGUlM0QlMjJwYWRkaW5nLWJvdHRvbSUzQSUyMDMwcHglM0IlMjBwYWRkaW5nLXRvcCUzQTMwcHglM0IlMjIlM0UlMjBSZWd1bGF0aW9ucyUyMCUzQyUyRmg0JTNFJTBBJTBBJTNDbGklM0UlM0NhJTIwdGFyZ2V0JTNEJTIyX2JsYW5rJTIyJTIwaHJlZiUzRCUyMmh0dHBzJTNBJTJGJTJGaXBrbWFzaHQucmtzLWdvdi5uZXQlMkZ3cC1jb250ZW50JTJGdXBsb2FkcyUyRjIwMjAlMkYxMiUyRlJyZWd1bGxvcmUtZS1wdW5lcy1wZXItS2VzaGlsbGluLURyZWp0dWVzLUlQSy5wZGYlMjIlM0UlMEElM0NzcGFuJTIwY2xhc3MlM0QlMjJkYXRlX3RpbWUlMjIlM0UzMS4wNS4yMDE2JTNDJTJGc3BhbiUzRSUwQSUzQ3AlMjBjbGFzcyUzRCUyMnRpdHVsbGklMjIlM0VScmVndWxsb3JlJTIwZSUyMHB1biVDMyVBQnMlMjBwJUMzJUFCciUyMEslQzMlQUJzaGlsbGluJTIwRHJlanR1cmVzJTIwdCVDMyVBQiUyMElQSy1zJUMzJUFCJTNDJTJGcCUzRSUzQyUyRmElM0UlM0MlMkZsaSUzRSUwQSUwQSUzQ2g0JTIwc3R5bGUlM0QlMjJwYWRkaW5nLWJvdHRvbSUzQSUyMDMwcHglM0IlMjBwYWRkaW5nLXRvcCUzQTMwcHglM0IlMjIlM0UlMjBBZG1pbmlzdHJhdGl2ZSUyMEluc3RydWN0aW9ucyUyMCUzQyUyRmg0JTNFJTBBJTBBJTNDbGklM0UlM0NhJTIwdGFyZ2V0JTNEJTIyX2JsYW5rJTIyJTIwaHJlZiUzRCUyMmh0dHBzJTNBJTJGJTJGaXBrbWFzaHQucmtzLWdvdi5uZXQlMkZ3cC1jb250ZW50JTJGdXBsb2FkcyUyRjIwMjAlMkYxMiUyRjgtMjAxNy11YS1wZXItaW5zdGl0dXRpbi1wZWRhZ29namlrLXRlLWtvc292ZXMucGRmJTIyJTNFJTBBJTNDc3BhbiUyMGNsYXNzJTNEJTIyZGF0ZV90aW1lJTIyJTNFMjEuMDcuMjAxNyUzQyUyRnNwYW4lM0UlMEElM0NwJTIwY2xhc3MlM0QlMjJ0aXR1bGxpJTIyJTNFVWRoJUMzJUFCemltJTIwQWRtaW5pc3RyYXRpdiUyMHAlQzMlQUJyJTIwSW5zdGl0dXRpbiUyMFBlZGFnb2dqaWslM0MlMkZwJTNFJTNDJTJGYSUzRSUzQyUyRmxpJTNFJTBBJTBBJTNDaDQlMjBzdHlsZSUzRCUyMnBhZGRpbmctYm90dG9tJTNBJTIwMzBweCUzQiUyMHBhZGRpbmctdG9wJTNBMzBweCUzQiUyMiUzRSUyMFJlcXVlc3QlMjBmb3IlMjBhY2Nlc3MlMjB0byUyMHB1YmxpYyUyMGRvY3VtZW50cyUyMCUzQyUyRmg0JTNFJTBBJTBBJTNDbGklM0UlM0NhJTIwdGFyZ2V0JTNEJTIyX2JsYW5rJTIyJTIwaHJlZiUzRCUyMmh0dHBzJTNBJTJGJTJGaXBrbWFzaHQucmtzLWdvdi5uZXQlMkZ3cC1jb250ZW50JTJGdXBsb2FkcyUyRjIwMjAlMkYxMiUyRmxpZ2ppX3Blcl9xYXNqZW5fbmVfZG9rdW1lbnRldF9wdWJsaWtlLnBkZiUyMiUzRSUwQSUzQ3NwYW4lMjBjbGFzcyUzRCUyMmRhdGVfdGltZSUyMiUzRTA3LjEwLjIwMTAlM0MlMkZzcGFuJTNFJTBBJTNDcCUyMGNsYXNzJTNEJTIydGl0dWxsaSUyMiUzRUxpZ2ppJTIwcCVDMyVBQnIlMjBxYXNqZSUyMG4lQzMlQUIlMjBkb2t1bWVudGV0JTIwcHVibGlrZSUyMHp5cnRhcmUlM0MlMkZwJTNFJTNDJTJGYSUzRSUzQyUyRmxpJTNFJTBBJTBBJTNDJTJGdWwlM0UlMEElMEElM0MlMkZib2R5JTNF[\/vc_raw_html][\/vc_column][vc_column width=&#8221;1\/2&#8243;][ultimate_heading][\/ultimate_heading][\/vc_column][\/vc_row]<\/p>","protected":false},"excerpt":{"rendered":"<p>[vc_row][vc_column width=&#8221;1\/2&#8243;][vc_raw_html]JTNDc3R5bGUlM0UlMEEuY29udGVudCUyMHVsJTIwJTdCJTBBJTIwJTIwJTIwJTIwbGlzdC1zdHlsZSUzQSUyMGRpc2MlM0IlMEElMjAlMjAlMjAlMjBsaXN0LXN0eWxlJTNBJTIwbm9uZSUyMCUyMWltcG9ydGFudCUzQiUwQSU3RCUwQSUwQS5sZWZ0LXNlY3Rpb24lMjB1bC5wdWJsaWtpbWUlMjAlN0IlMEElMjAlMjAlMjAlMjBwYWRkaW5nLWxlZnQlM0ElMjAwJTNCJTBBJTIwJTIwJTIwJTIwbWFyZ2luLXRvcCUzQSUyMDIwcHglM0IlMEElMjAlMjAlMjAlMjBsaXN0LXR5cGUlM0ElMjBub25lJTIwJTIxSW1wb3J0YW50JTNCJTBBJTdEJTBBdWwucHVibGlraW1lJTIwbGklMjBhJTJDJTIwdWwua29ua3Vyc2UlMjBsaSUyMGElMjAlN0IlMEElMjAlMjAlMjAlMjBkaXNwbGF5JTNBJTIwYmxvY2slM0IlMEElN0QlMEF1bCUyMGxpJTIwYSUyMCU3QiUwQSUyMCUyMCUyMCUyMHRleHQtZGVjb3JhdGlvbiUzQSUyMG5vbmUlM0IlMEElN0QlMEElMEF1bC5wdWJsaWtpbWUlMjBsaSUyMHNwYW4uZGF0ZV90aW1lJTIwJTdCJTBBJTIwJTIwJTIwJTIwY29sb3IlM0ElMjAlMjM5OTk5OTklM0IlMEElN0QlMEF1bC5wdWJsaWtpbWUlMjBsaSUyMHAlMjAlN0IlMEElMjAlMjAlMjAlMjBjb2xvciUzQSUyMCUyMzY3Njc2NyUzQiUwQSUyMCUyMCUyMCUyMGZvbnQtc2l6ZSUzQSUyMDE2cHglM0IlMEElMjAlMjAlMjAlMjBtYXJnaW4tYm90dG9tJTNBJTIwMCUzQiUwQSUyMCUyMCUyMCUyMC13ZWJraXQtdHJhbnNpdGlvbiUzQSUyMGFsbCUyMDI1MG1zJTNCJTBBJTIwJTIwJTIwJTIwLW1vei10cmFuc2l0aW9uJTNBJTIwYWxsJTIwMjUwbXMlM0IlMEElMjAlMjAlMjAlMjAtby10cmFuc2l0aW9uJTNBJTIwYWxsJTIwMjUwbXMlM0IlMEElN0QlMEElMEElNDBtZWRpYSUyMCUyOG1pbi13aWR0aCUzQSUyMDY0MHB4JTI5JTBBLmNvbC1sZy0xJTJDJTIwLmNvbC1sZy0yJTJDJTIwLmNvbC1sZy0zJTJDJTIwLmNvbC1sZy00JTJDJTIwLmNvbC1sZy01JTJDJTIwLmNvbC1sZy02JTJDJTIwLmNvbC1sZy03JTJDJTIwLmNvbC1sZy04JTJDJTIwLmNvbC1sZy05JTJDJTIwLmNvbC1sZy0xMCUyQyUyMC5jb2wtbGctMTElMkMlMjAuY29sLWxnLTEyJTIwJTdCJTBBJTIwJTIwJTIwJTIwZmxvYXQlM0ElMjBsZWZ0JTNCJTBBJTdEJTBBdWwucHVibGlraW1lJTIwbGklMjAlN0IlMEElMjAlMjAlMjAlMjBiYWNrZ3JvdW5kJTNBJTIwdXJsJTI4aHR0cHMlM0ElMkYlMkZpcGttYXNodC5ya3MtZ292Lm5ldCUyRndwLWNvbnRlbnQlMkZ1cGxvYWRzJTJGMjAyMSUyRjA3JTJGcGRmLWdyYXkucG5nJTI5JTIwbm8tcmVwZWF0JTIwMCUyMDVweCUzQiUwQSUyMCUyMCUyMCUyMHBhZGRpbmctbGVmdCUzQSUyMDU1cHglM0IlMEElMjAlMjAlMjAlMjBib3JkZXItYm90dG9tJTNBJTIwMXB4JTIwc29saWQlMjAlMjNiYmJiYmIlM0IlMEElMjAlMjAlMjAlMjBtYXJnaW4tYm90dG9tJTNBJTIwMTZweCUzQiUwQSUyMCUyMCUyMCUyMC13ZWJraXQtdHJhbnNpdGlvbiUzQSUyMGFsbCUyMDI1MG1zJTNCJTBBJTIwJTIwJTIwJTIwLW1vei10cmFuc2l0aW9uJTNBJTIwYWxsJTIwMjUwbXMlM0IlMEElMjAlMjAlMjAlMjAtby10cmFuc2l0aW9uJTNBJTIwYWxsJTIwMjUwbXMlM0IlMEElMjAlMjAlMjAlMjBtaW4taGVpZ2h0JTNBJTIwNjhweCUzQiUwQSU3RCUwQSUwQXVsLnB1Ymxpa2ltZSUyMGxpJTNBaG92ZXIlMjAlN0IlMEElMjAlMjAlMjAlMjBiYWNrZ3JvdW5kJTNBJTIwdXJsJTI4JTI3aHR0cHMlM0ElMkYlMkZpcGttYXNodC5ya3MtZ292Lm5ldCUyRndwLWNvbnRlbnQlMkZ1cGxvYWRzJTJGMjAyMSUyRjA3JTJGcGRmLWxpZ2h0LWJsdWUucG5nJTI3JTI5JTIwbm8tcmVwZWF0JTIwMCUyMDVweCUzQiUwQSUyMCUyMCUyMCUyMGJvcmRlci1ib3R0b20lM0ElMjAxcHglMjBzb2xpZCUyMCUyMzUwOTNiZCUzQiUwQSUyMCUyMCUyMCUyMC13ZWJraXQtdHJhbnNpdGlvbiUzQSUyMGFsbCUyMDI1MG1zJTNCJTBBJTIwJTIwJTIwJTIwLW1vei10cmFuc2l0aW9uJTNBJTIwYWxsJTIwMjUwbXMlM0IlMEElMjAlMjAlMjAlMjAtby10cmFuc2l0aW9uJTNBJTIwYWxsJTIwMjUwbXMlM0IlMEElN0QlMEF1bC5wdWJsaWtpbWUlMjBsaSUzQWxhc3QtY2hpbGQlMjAlN0IlMEElMjAlMjAlMjAlMjBtaW4taGVpZ2h0JTNBJTIwNjhweCUzQiUwQSU3RCUwQSUwQSUwQSUzQyUyRnN0eWxlJTNFJTBBJTNDJTJGaGVhZCUzRSUwQSUzQ2JvZHklM0UlMEElMEElMEElM0N1bCUyMGNsYXNzJTNEJTIycHVibGlraW1lJTIwY29sLWxnLTEyJTIwY29sLXhzLTEyJTIwY29sLW1kLTEyJTIwY29sLXNtLTEyJTIwbm9wYWRkaW5nJTIyJTNFJTBBJTNDaDQlMjBzdHlsZSUzRCUyMnBhZGRpbmctYm90dG9tJTNBJTIwMzBweCUzQiUyMiUzRSUyMExhd3MlMjAlM0MlMkZoNCUzRSUwQSUwQSUzQ2xpJTNFJTNDYSUyMHRhcmdldCUzRCUyMl9ibGFuayUyMiUyMGhyZWYlM0QlMjJodHRwcyUzQSUyRiUyRmlwa21hc2h0LnJrcy1nb3YubmV0JTJGd3AtY29udGVudCUyRnVwbG9hZHMlMkYyMDIwJTJGMTIlMkZMaWdqaS1pLVB1bmVzLnBkZiUyMiUzRSUwQSUzQ3NwYW4lMjBjbGFzcyUzRCUyMmRhdGVfdGltZSUyMiUzRTAxLjEwLjIwMTAlM0MlMkZzcGFuJTNFJTBBJTNDcCUyMGNsYXNzJTNEJTIydGl0dWxsaSUyMiUzRUxpZ2ppJTIwaSUyMHB1biVDMyVBQnMlM0MlMkZwJTNFJTNDJTJGYSUzRSUzQyUyRmxpJTNFJTBBJTBBJTNDbGklM0UlM0NhJTIwdGFyZ2V0JTNEJTIyX2JsYW5rJTIyJTIwaHJlZiUzRCUyMmh0dHBzJTNBJTJGJTJGaXBrbWFzaHQucmtzLWdvdi5uZXQlMkZ3cC1jb250ZW50JTJGdXBsb2FkcyUyRjIwMjAlMkYxMiUyRkxpZ2ppLVBlci1TaGVyYnllc2l0LUNpdmlsLnBkZiUyMiUzRSUwQSUzQ3NwYW4lMjBjbGFzcyUzRCUyMmRhdGVfdGltZSUyMiUzRTEzLjA1LjIwMTAlM0MlMkZzcGFuJTNFJTBBJTNDcCUyMGNsYXNzJTNEJTIydGl0dWxsaSUyMiUzRUxpZ2ppJTIwcCVDMyVBQnIlMjBzaCVDMyVBQnJieWVzaXQlMjBjaXZpbCUzQyUyRnAlM0UlM0MlMkZhJTNFJTNDJTJGbGklM0UlMEElMEElM0NsaSUzRSUzQ2ElMjB0YXJnZXQlM0QlMjJfYmxhbmslMjIlMjBocmVmJTNEJTIyaHR0cHMlM0ElMkYlMkZpcGttYXNodC5ya3MtZ292Lm5ldCUyRndwLWNvbnRlbnQlMkZ1cGxvYWRzJTJGMjAyMCUyRjEyJTJGTGlnamktUGVyLVZlcHJpbXRhcmktS2Vya2ltb3JlLVNoa2VuY29yZS5wZGYlMjIlM0UlMEElM0NzcGFuJTIwY2xhc3MlM0QlMjJkYXRlX3RpbWUlMjIlM0UyOC4wMy4yMDEzJTNDJTJGc3BhbiUzRSUwQSUzQ3AlMjBjbGFzcyUzRCUyMnRpdHVsbGklMjIlM0VMaWdqaSUyMHAlQzMlQUJyJTIwdmVwcmltdGFyaSUyMGslQzMlQUJya2ltb3JlJTIwc2hrZW5jb3JlJTNDJTJGcCUzRSUzQyUyRmElM0UlM0MlMkZsaSUzRSUwQSUwQSUwQSUzQ2g0JTIwc3R5bGUlM0QlMjJwYWRkaW5nLWJvdHRvbSUzQSUyMDMwcHglM0IlMjBwYWRkaW5nLXRvcCUzQTMwcHglM0IlMjIlM0UlMjBSZWd1bGF0aW9ucyUyMCUzQyUyRmg0JTNFJTBBJTBBJTNDbGklM0UlM0NhJTIwdGFyZ2V0JTNEJTIyX2JsYW5rJTIyJTIwaHJlZiUzRCUyMmh0dHBzJTNBJTJGJTJGaXBrbWFzaHQucmtzLWdvdi5uZXQlMkZ3cC1jb250ZW50JTJGdXBsb2FkcyUyRjIwMjAlMkYxMiUyRlJyZWd1bGxvcmUtZS1wdW5lcy1wZXItS2VzaGlsbGluLURyZWp0dWVzLUlQSy5wZGYlMjIlM0UlMEElM0NzcGFuJTIwY2xhc3MlM0QlMjJkYXRlX3RpbWUlMjIlM0UzMS4wNS4yMDE2JTNDJTJGc3BhbiUzRSUwQSUzQ3AlMjBjbGFzcyUzRCUyMnRpdHVsbGklMjIlM0VScmVndWxsb3JlJTIwZSUyMHB1biVDMyVBQnMlMjBwJUMzJUFCciUyMEslQzMlQUJzaGlsbGluJTIwRHJlanR1cmVzJTIwdCVDMyVBQiUyMElQSy1zJUMzJUFCJTNDJTJGcCUzRSUzQyUyRmElM0UlM0MlMkZsaSUzRSUwQSUwQSUzQ2g0JTIwc3R5bGUlM0QlMjJwYWRkaW5nLWJvdHRvbSUzQSUyMDMwcHglM0IlMjBwYWRkaW5nLXRvcCUzQTMwcHglM0IlMjIlM0UlMjBBZG1pbmlzdHJhdGl2ZSUyMEluc3RydWN0aW9ucyUyMCUzQyUyRmg0JTNFJTBBJTBBJTNDbGklM0UlM0NhJTIwdGFyZ2V0JTNEJTIyX2JsYW5rJTIyJTIwaHJlZiUzRCUyMmh0dHBzJTNBJTJGJTJGaXBrbWFzaHQucmtzLWdvdi5uZXQlMkZ3cC1jb250ZW50JTJGdXBsb2FkcyUyRjIwMjAlMkYxMiUyRjgtMjAxNy11YS1wZXItaW5zdGl0dXRpbi1wZWRhZ29namlrLXRlLWtvc292ZXMucGRmJTIyJTNFJTBBJTNDc3BhbiUyMGNsYXNzJTNEJTIyZGF0ZV90aW1lJTIyJTNFMjEuMDcuMjAxNyUzQyUyRnNwYW4lM0UlMEElM0NwJTIwY2xhc3MlM0QlMjJ0aXR1bGxpJTIyJTNFVWRoJUMzJUFCemltJTIwQWRtaW5pc3RyYXRpdiUyMHAlQzMlQUJyJTIwSW5zdGl0dXRpbiUyMFBlZGFnb2dqaWslM0MlMkZwJTNFJTNDJTJGYSUzRSUzQyUyRmxpJTNFJTBBJTBBJTNDaDQlMjBzdHlsZSUzRCUyMnBhZGRpbmctYm90dG9tJTNBJTIwMzBweCUzQiUyMHBhZGRpbmctdG9wJTNBMzBweCUzQiUyMiUzRSUyMFJlcXVlc3QlMjBmb3IlMjBhY2Nlc3MlMjB0byUyMHB1YmxpYyUyMGRvY3VtZW50cyUyMCUzQyUyRmg0JTNFJTBBJTBBJTNDbGklM0UlM0NhJTIwdGFyZ2V0JTNEJTIyX2JsYW5rJTIyJTIwaHJlZiUzRCUyMmh0dHBzJTNBJTJGJTJGaXBrbWFzaHQucmtzLWdvdi5uZXQlMkZ3cC1jb250ZW50JTJGdXBsb2FkcyUyRjIwMjAlMkYxMiUyRmxpZ2ppX3Blcl9xYXNqZW5fbmVfZG9rdW1lbnRldF9wdWJsaWtlLnBkZiUyMiUzRSUwQSUzQ3NwYW4lMjBjbGFzcyUzRCUyMmRhdGVfdGltZSUyMiUzRTA3LjEwLjIwMTAlM0MlMkZzcGFuJTNFJTBBJTNDcCUyMGNsYXNzJTNEJTIydGl0dWxsaSUyMiUzRUxpZ2ppJTIwcCVDMyVBQnIlMjBxYXNqZSUyMG4lQzMlQUIlMjBkb2t1bWVudGV0JTIwcHVibGlrZSUyMHp5cnRhcmUlM0MlMkZwJTNFJTNDJTJGYSUzRSUzQyUyRmxpJTNFJTBBJTBBJTNDJTJGdWwlM0UlMEElMEElM0MlMkZib2R5JTNF[\/vc_raw_html][\/vc_column][vc_column width=&#8221;1\/2&#8243;][ultimate_heading][\/ultimate_heading][\/vc_column][\/vc_row]<\/p>","protected":false},"author":1,"featured_media":0,"parent":0,"menu_order":0,"comment_status":"closed","ping_status":"closed","template":"legjislacioni.php","meta":{"footnotes":""},"class_list":["post-5659","page","type-page","status-publish","hentry","post-no-thumbnail"],"acf":[],"yoast_head":"<!-- This site is optimized with the Yoast SEO plugin v23.9 - https:\/\/yoast.com\/wordpress\/plugins\/seo\/ -->\n<title>Legislation - Instituti Pedagogjik i Kosov\u00ebs<\/title>\n<meta name=\"robots\" content=\"index, follow, max-snippet:-1, max-image-preview:large, max-video-preview:-1\" \/>\n<link rel=\"canonical\" href=\"https:\/\/ipkmasht.rks-gov.net\/en\/legjislacioni\/\" \/>\n<meta property=\"og:locale\" content=\"en_US\" \/>\n<meta property=\"og:type\" content=\"article\" \/>\n<meta property=\"og:title\" content=\"Legislation - Instituti Pedagogjik i Kosov\u00ebs\" \/>\n<meta property=\"og:url\" content=\"https:\/\/ipkmasht.rks-gov.net\/en\/legjislacioni\/\" \/>\n<meta property=\"og:site_name\" content=\"Instituti Pedagogjik i Kosov\u00ebs\" \/>\n<meta property=\"article:publisher\" content=\"https:\/\/www.facebook.com\/Instituti-Pedagogjik-i-Kosoves-101758021389817\" \/>\n<meta property=\"article:modified_time\" content=\"2021-08-13T10:13:40+00:00\" \/>\n<meta property=\"og:image\" content=\"https:\/\/ipkmasht.rks-gov.net\/wp-content\/uploads\/2020\/12\/Untitled-2mainlogo.png\" \/>\n\t<meta property=\"og:image:width\" content=\"1200\" \/>\n\t<meta property=\"og:image:height\" content=\"800\" \/>\n\t<meta property=\"og:image:type\" content=\"image\/png\" \/>\n<meta name=\"twitter:card\" content=\"summary_large_image\" \/>\n<meta name=\"twitter:label1\" content=\"Est. reading time\" \/>\n\t<meta name=\"twitter:data1\" content=\"2 minutes\" \/>\n<script type=\"application\/ld+json\" class=\"yoast-schema-graph\">{\"@context\":\"https:\/\/schema.org\",\"@graph\":[{\"@type\":\"WebPage\",\"@id\":\"https:\/\/ipkmasht.rks-gov.net\/legjislacioni\/\",\"url\":\"https:\/\/ipkmasht.rks-gov.net\/legjislacioni\/\",\"name\":\"Legislation - Instituti Pedagogjik i Kosov\u00ebs\",\"isPartOf\":{\"@id\":\"https:\/\/ipkmasht.rks-gov.net\/#website\"},\"datePublished\":\"2021-07-09T11:29:42+00:00\",\"dateModified\":\"2021-08-13T10:13:40+00:00\",\"breadcrumb\":{\"@id\":\"https:\/\/ipkmasht.rks-gov.net\/legjislacioni\/#breadcrumb\"},\"inLanguage\":\"en-US\",\"potentialAction\":[{\"@type\":\"ReadAction\",\"target\":[\"https:\/\/ipkmasht.rks-gov.net\/legjislacioni\/\"]}]},{\"@type\":\"BreadcrumbList\",\"@id\":\"https:\/\/ipkmasht.rks-gov.net\/legjislacioni\/#breadcrumb\",\"itemListElement\":[{\"@type\":\"ListItem\",\"position\":1,\"name\":\"Home\",\"item\":\"https:\/\/ipkmasht.rks-gov.net\/en\/\"},{\"@type\":\"ListItem\",\"position\":2,\"name\":\"Legislation\"}]},{\"@type\":\"WebSite\",\"@id\":\"https:\/\/ipkmasht.rks-gov.net\/#website\",\"url\":\"https:\/\/ipkmasht.rks-gov.net\/\",\"name\":\"Instituti Pedagogjik i Kosov\u00ebs\",\"description\":\"Cil\u00ebsia e arsimit \u00ebsht\u00eb prioritet\",\"publisher\":{\"@id\":\"https:\/\/ipkmasht.rks-gov.net\/#organization\"},\"potentialAction\":[{\"@type\":\"SearchAction\",\"target\":{\"@type\":\"EntryPoint\",\"urlTemplate\":\"https:\/\/ipkmasht.rks-gov.net\/?s={search_term_string}\"},\"query-input\":{\"@type\":\"PropertyValueSpecification\",\"valueRequired\":true,\"valueName\":\"search_term_string\"}}],\"inLanguage\":\"en-US\"},{\"@type\":\"Organization\",\"@id\":\"https:\/\/ipkmasht.rks-gov.net\/#organization\",\"name\":\"Instituti Pedagogjik i Kosov\u00ebs\",\"url\":\"https:\/\/ipkmasht.rks-gov.net\/\",\"logo\":{\"@type\":\"ImageObject\",\"inLanguage\":\"en-US\",\"@id\":\"https:\/\/ipkmasht.rks-gov.net\/#\/schema\/logo\/image\/\",\"url\":\"https:\/\/ipkmasht.rks-gov.net\/wp-content\/uploads\/2020\/12\/Untitled-2differentlogo.png\",\"contentUrl\":\"https:\/\/ipkmasht.rks-gov.net\/wp-content\/uploads\/2020\/12\/Untitled-2differentlogo.png\",\"width\":604,\"height\":398,\"caption\":\"Instituti Pedagogjik i Kosov\u00ebs\"},\"image\":{\"@id\":\"https:\/\/ipkmasht.rks-gov.net\/#\/schema\/logo\/image\/\"},\"sameAs\":[\"https:\/\/www.facebook.com\/Instituti-Pedagogjik-i-Kosoves-101758021389817\"]}]}<\/script>\n<!-- \/ Yoast SEO plugin. -->","yoast_head_json":{"title":"Legislation - Instituti Pedagogjik i Kosov\u00ebs","robots":{"index":"index","follow":"follow","max-snippet":"max-snippet:-1","max-image-preview":"max-image-preview:large","max-video-preview":"max-video-preview:-1"},"canonical":"https:\/\/ipkmasht.rks-gov.net\/en\/legjislacioni\/","og_locale":"en_US","og_type":"article","og_title":"Legislation - Instituti Pedagogjik i Kosov\u00ebs","og_url":"https:\/\/ipkmasht.rks-gov.net\/en\/legjislacioni\/","og_site_name":"Instituti Pedagogjik i Kosov\u00ebs","article_publisher":"https:\/\/www.facebook.com\/Instituti-Pedagogjik-i-Kosoves-101758021389817","article_modified_time":"2021-08-13T10:13:40+00:00","og_image":[{"width":1200,"height":800,"url":"https:\/\/ipkmasht.rks-gov.net\/wp-content\/uploads\/2020\/12\/Untitled-2mainlogo.png","type":"image\/png"}],"twitter_card":"summary_large_image","twitter_misc":{"Est. reading time":"2 minutes"},"schema":{"@context":"https:\/\/schema.org","@graph":[{"@type":"WebPage","@id":"https:\/\/ipkmasht.rks-gov.net\/legjislacioni\/","url":"https:\/\/ipkmasht.rks-gov.net\/legjislacioni\/","name":"Legislation - Instituti Pedagogjik i Kosov\u00ebs","isPartOf":{"@id":"https:\/\/ipkmasht.rks-gov.net\/#website"},"datePublished":"2021-07-09T11:29:42+00:00","dateModified":"2021-08-13T10:13:40+00:00","breadcrumb":{"@id":"https:\/\/ipkmasht.rks-gov.net\/legjislacioni\/#breadcrumb"},"inLanguage":"en-US","potentialAction":[{"@type":"ReadAction","target":["https:\/\/ipkmasht.rks-gov.net\/legjislacioni\/"]}]},{"@type":"BreadcrumbList","@id":"https:\/\/ipkmasht.rks-gov.net\/legjislacioni\/#breadcrumb","itemListElement":[{"@type":"ListItem","position":1,"name":"Home","item":"https:\/\/ipkmasht.rks-gov.net\/en\/"},{"@type":"ListItem","position":2,"name":"Legislation"}]},{"@type":"WebSite","@id":"https:\/\/ipkmasht.rks-gov.net\/#website","url":"https:\/\/ipkmasht.rks-gov.net\/","name":"Kosovo Pedagogical Institute","description":"Cil\u00ebsia e arsimit \u00ebsht\u00eb prioritet","publisher":{"@id":"https:\/\/ipkmasht.rks-gov.net\/#organization"},"potentialAction":[{"@type":"SearchAction","target":{"@type":"EntryPoint","urlTemplate":"https:\/\/ipkmasht.rks-gov.net\/?s={search_term_string}"},"query-input":{"@type":"PropertyValueSpecification","valueRequired":true,"valueName":"search_term_string"}}],"inLanguage":"en-US"},{"@type":"Organization","@id":"https:\/\/ipkmasht.rks-gov.net\/#organization","name":"Kosovo Pedagogical Institute","url":"https:\/\/ipkmasht.rks-gov.net\/","logo":{"@type":"ImageObject","inLanguage":"en-US","@id":"https:\/\/ipkmasht.rks-gov.net\/#\/schema\/logo\/image\/","url":"https:\/\/ipkmasht.rks-gov.net\/wp-content\/uploads\/2020\/12\/Untitled-2differentlogo.png","contentUrl":"https:\/\/ipkmasht.rks-gov.net\/wp-content\/uploads\/2020\/12\/Untitled-2differentlogo.png","width":604,"height":398,"caption":"Instituti Pedagogjik i Kosov\u00ebs"},"image":{"@id":"https:\/\/ipkmasht.rks-gov.net\/#\/schema\/logo\/image\/"},"sameAs":["https:\/\/www.facebook.com\/Instituti-Pedagogjik-i-Kosoves-101758021389817"]}]}},"_links":{"self":[{"href":"https:\/\/ipkmasht.rks-gov.net\/en\/wp-json\/wp\/v2\/pages\/5659"}],"collection":[{"href":"https:\/\/ipkmasht.rks-gov.net\/en\/wp-json\/wp\/v2\/pages"}],"about":[{"href":"https:\/\/ipkmasht.rks-gov.net\/en\/wp-json\/wp\/v2\/types\/page"}],"author":[{"embeddable":true,"href":"https:\/\/ipkmasht.rks-gov.net\/en\/wp-json\/wp\/v2\/users\/1"}],"replies":[{"embeddable":true,"href":"https:\/\/ipkmasht.rks-gov.net\/en\/wp-json\/wp\/v2\/comments?post=5659"}],"version-history":[{"count":3,"href":"https:\/\/ipkmasht.rks-gov.net\/en\/wp-json\/wp\/v2\/pages\/5659\/revisions"}],"predecessor-version":[{"id":5666,"href":"https:\/\/ipkmasht.rks-gov.net\/en\/wp-json\/wp\/v2\/pages\/5659\/revisions\/5666"}],"wp:attachment":[{"href":"https:\/\/ipkmasht.rks-gov.net\/en\/wp-json\/wp\/v2\/media?parent=5659"}],"curies":[{"name":"wp","href":"https:\/\/api.w.org\/{rel}","templated":true}]}}