{"id":5647,"date":"2026-04-02T10:12:39","date_gmt":"2026-04-02T10:12:39","guid":{"rendered":"https:\/\/ipkmasht.rks-gov.net\/instituti\/"},"modified":"2026-04-02T10:12:39","modified_gmt":"2026-04-02T10:12:39","slug":"institute","status":"publish","type":"page","link":"https:\/\/ipkmasht.rks-gov.net\/en\/institute\/","title":{"rendered":"Institute"},"content":{"rendered":"<p>[vc_row][vc_column][vc_column_text]Kosovo Pedagogical Institute is an independent, public institution that deals with research, training, evaluation, experimentation and innovation in the field of education.<\/p>\n<p>The initiative for the establishment of PIK begins in March 2003, when in Milan, Italy, the working groups for the drafting of the project based on the preliminary agreement between MEST and C.E.S.E.S.<\/p>\n<p>The bilateral groups complete the work on the first draft in April 2004 and the draft is submitted to the decision-making institutions in October 2005 and as such the project is approved by the MEST, the Italian Government (Ministry of Foreign Affairs) and the C.E.S.E.S.<\/p>\n<p>In March 2006, the Steering Council and the Scientific Council were appointed by the MEST, while in February 2007 the competition for the PIK research staff was published.[\/vc_column_text][\/vc_column][\/vc_row][vc_row][vc_column][ultimate_spacer height=&#8221;500&#8243; height_on_tabs=&#8221;10&#8243; height_on_tabs_portrait=&#8221;10&#8243; height_on_mob_landscape=&#8221;10&#8243; height_on_mob=&#8221;10&#8243;][\/vc_column][\/vc_row]<\/p>","protected":false},"excerpt":{"rendered":"<p>[vc_row][vc_column][vc_column_text]Kosovo Pedagogical Institute is an independent, public institution that deals with research, training, evaluation, experimentation and innovation in the field of education. The initiative for the establishment of PIK begins in March 2003, when in Milan, Italy, the working groups for the drafting of the project based on the preliminary agreement between MEST and C.E.S.E.S. The bilateral groups complete the work on the first draft in April 2004 and the draft is submitted to the decision-making institutions in October 2005 and as such the project is approved by the MEST, the Italian Government (Ministry of Foreign Affairs) and the C.E.S.E.S. In March 2006, the Steering Council and the Scientific Council were appointed by the MEST, while in February 2007 the competition for the PIK research staff was published.[\/vc_column_text][\/vc_column][\/vc_row][vc_row][vc_column][ultimate_spacer height=&#8221;500&#8243; height_on_tabs=&#8221;10&#8243; height_on_tabs_portrait=&#8221;10&#8243; height_on_mob_landscape=&#8221;10&#8243; height_on_mob=&#8221;10&#8243;][\/vc_column][\/vc_row]<\/p>","protected":false},"author":1,"featured_media":0,"parent":0,"menu_order":0,"comment_status":"closed","ping_status":"closed","template":"","meta":{"footnotes":""},"class_list":["post-5647","page","type-page","status-publish","hentry","post-no-thumbnail"],"acf":[],"yoast_head":"<!-- This site is optimized with the Yoast SEO plugin v23.9 - https:\/\/yoast.com\/wordpress\/plugins\/seo\/ -->\n<title>Institute - Instituti Pedagogjik i Kosov\u00ebs<\/title>\n<meta name=\"robots\" content=\"index, follow, max-snippet:-1, max-image-preview:large, max-video-preview:-1\" \/>\n<link rel=\"canonical\" href=\"https:\/\/ipkmasht.rks-gov.net\/en\/institute\/\" \/>\n<meta property=\"og:locale\" content=\"en_US\" \/>\n<meta property=\"og:type\" content=\"article\" \/>\n<meta property=\"og:title\" content=\"Institute - Instituti Pedagogjik i Kosov\u00ebs\" \/>\n<meta property=\"og:url\" content=\"https:\/\/ipkmasht.rks-gov.net\/en\/institute\/\" \/>\n<meta property=\"og:site_name\" content=\"Instituti Pedagogjik i Kosov\u00ebs\" \/>\n<meta property=\"article:publisher\" content=\"https:\/\/www.facebook.com\/Instituti-Pedagogjik-i-Kosoves-101758021389817\" \/>\n<meta property=\"og:image\" content=\"https:\/\/ipkmasht.rks-gov.net\/wp-content\/uploads\/2020\/12\/Untitled-2mainlogo.png\" \/>\n\t<meta property=\"og:image:width\" content=\"1200\" \/>\n\t<meta property=\"og:image:height\" content=\"800\" \/>\n\t<meta property=\"og:image:type\" content=\"image\/png\" \/>\n<meta name=\"twitter:card\" content=\"summary_large_image\" \/>\n<meta name=\"twitter:label1\" content=\"Est. reading time\" \/>\n\t<meta name=\"twitter:data1\" content=\"1 minute\" \/>\n<script type=\"application\/ld+json\" class=\"yoast-schema-graph\">{\"@context\":\"https:\/\/schema.org\",\"@graph\":[{\"@type\":\"WebPage\",\"@id\":\"https:\/\/ipkmasht.rks-gov.net\/en\/institute\/\",\"url\":\"https:\/\/ipkmasht.rks-gov.net\/en\/institute\/\",\"name\":\"Institute - Instituti Pedagogjik i Kosov\u00ebs\",\"isPartOf\":{\"@id\":\"https:\/\/ipkmasht.rks-gov.net\/#website\"},\"datePublished\":\"2026-04-02T10:12:39+00:00\",\"dateModified\":\"2026-04-02T10:12:39+00:00\",\"breadcrumb\":{\"@id\":\"https:\/\/ipkmasht.rks-gov.net\/en\/institute\/#breadcrumb\"},\"inLanguage\":\"en-US\",\"potentialAction\":[{\"@type\":\"ReadAction\",\"target\":[\"https:\/\/ipkmasht.rks-gov.net\/en\/institute\/\"]}]},{\"@type\":\"BreadcrumbList\",\"@id\":\"https:\/\/ipkmasht.rks-gov.net\/en\/institute\/#breadcrumb\",\"itemListElement\":[{\"@type\":\"ListItem\",\"position\":1,\"name\":\"Home\",\"item\":\"https:\/\/ipkmasht.rks-gov.net\/en\/\"},{\"@type\":\"ListItem\",\"position\":2,\"name\":\"Institute\"}]},{\"@type\":\"WebSite\",\"@id\":\"https:\/\/ipkmasht.rks-gov.net\/#website\",\"url\":\"https:\/\/ipkmasht.rks-gov.net\/\",\"name\":\"Instituti Pedagogjik i Kosov\u00ebs\",\"description\":\"Cil\u00ebsia e arsimit \u00ebsht\u00eb prioritet\",\"publisher\":{\"@id\":\"https:\/\/ipkmasht.rks-gov.net\/#organization\"},\"potentialAction\":[{\"@type\":\"SearchAction\",\"target\":{\"@type\":\"EntryPoint\",\"urlTemplate\":\"https:\/\/ipkmasht.rks-gov.net\/?s={search_term_string}\"},\"query-input\":{\"@type\":\"PropertyValueSpecification\",\"valueRequired\":true,\"valueName\":\"search_term_string\"}}],\"inLanguage\":\"en-US\"},{\"@type\":\"Organization\",\"@id\":\"https:\/\/ipkmasht.rks-gov.net\/#organization\",\"name\":\"Instituti Pedagogjik i Kosov\u00ebs\",\"url\":\"https:\/\/ipkmasht.rks-gov.net\/\",\"logo\":{\"@type\":\"ImageObject\",\"inLanguage\":\"en-US\",\"@id\":\"https:\/\/ipkmasht.rks-gov.net\/#\/schema\/logo\/image\/\",\"url\":\"https:\/\/ipkmasht.rks-gov.net\/wp-content\/uploads\/2020\/12\/Untitled-2differentlogo.png\",\"contentUrl\":\"https:\/\/ipkmasht.rks-gov.net\/wp-content\/uploads\/2020\/12\/Untitled-2differentlogo.png\",\"width\":604,\"height\":398,\"caption\":\"Instituti Pedagogjik i Kosov\u00ebs\"},\"image\":{\"@id\":\"https:\/\/ipkmasht.rks-gov.net\/#\/schema\/logo\/image\/\"},\"sameAs\":[\"https:\/\/www.facebook.com\/Instituti-Pedagogjik-i-Kosoves-101758021389817\"]}]}<\/script>\n<!-- \/ Yoast SEO plugin. -->","yoast_head_json":{"title":"Institute - Instituti Pedagogjik i Kosov\u00ebs","robots":{"index":"index","follow":"follow","max-snippet":"max-snippet:-1","max-image-preview":"max-image-preview:large","max-video-preview":"max-video-preview:-1"},"canonical":"https:\/\/ipkmasht.rks-gov.net\/en\/institute\/","og_locale":"en_US","og_type":"article","og_title":"Institute - Instituti Pedagogjik i Kosov\u00ebs","og_url":"https:\/\/ipkmasht.rks-gov.net\/en\/institute\/","og_site_name":"Instituti Pedagogjik i Kosov\u00ebs","article_publisher":"https:\/\/www.facebook.com\/Instituti-Pedagogjik-i-Kosoves-101758021389817","og_image":[{"width":1200,"height":800,"url":"https:\/\/ipkmasht.rks-gov.net\/wp-content\/uploads\/2020\/12\/Untitled-2mainlogo.png","type":"image\/png"}],"twitter_card":"summary_large_image","twitter_misc":{"Est. reading time":"1 minute"},"schema":{"@context":"https:\/\/schema.org","@graph":[{"@type":"WebPage","@id":"https:\/\/ipkmasht.rks-gov.net\/en\/institute\/","url":"https:\/\/ipkmasht.rks-gov.net\/en\/institute\/","name":"Institute - Instituti Pedagogjik i Kosov\u00ebs","isPartOf":{"@id":"https:\/\/ipkmasht.rks-gov.net\/#website"},"datePublished":"2026-04-02T10:12:39+00:00","dateModified":"2026-04-02T10:12:39+00:00","breadcrumb":{"@id":"https:\/\/ipkmasht.rks-gov.net\/en\/institute\/#breadcrumb"},"inLanguage":"en-US","potentialAction":[{"@type":"ReadAction","target":["https:\/\/ipkmasht.rks-gov.net\/en\/institute\/"]}]},{"@type":"BreadcrumbList","@id":"https:\/\/ipkmasht.rks-gov.net\/en\/institute\/#breadcrumb","itemListElement":[{"@type":"ListItem","position":1,"name":"Home","item":"https:\/\/ipkmasht.rks-gov.net\/en\/"},{"@type":"ListItem","position":2,"name":"Institute"}]},{"@type":"WebSite","@id":"https:\/\/ipkmasht.rks-gov.net\/#website","url":"https:\/\/ipkmasht.rks-gov.net\/","name":"Kosovo Pedagogical Institute","description":"Cil\u00ebsia e arsimit \u00ebsht\u00eb prioritet","publisher":{"@id":"https:\/\/ipkmasht.rks-gov.net\/#organization"},"potentialAction":[{"@type":"SearchAction","target":{"@type":"EntryPoint","urlTemplate":"https:\/\/ipkmasht.rks-gov.net\/?s={search_term_string}"},"query-input":{"@type":"PropertyValueSpecification","valueRequired":true,"valueName":"search_term_string"}}],"inLanguage":"en-US"},{"@type":"Organization","@id":"https:\/\/ipkmasht.rks-gov.net\/#organization","name":"Kosovo Pedagogical Institute","url":"https:\/\/ipkmasht.rks-gov.net\/","logo":{"@type":"ImageObject","inLanguage":"en-US","@id":"https:\/\/ipkmasht.rks-gov.net\/#\/schema\/logo\/image\/","url":"https:\/\/ipkmasht.rks-gov.net\/wp-content\/uploads\/2020\/12\/Untitled-2differentlogo.png","contentUrl":"https:\/\/ipkmasht.rks-gov.net\/wp-content\/uploads\/2020\/12\/Untitled-2differentlogo.png","width":604,"height":398,"caption":"Instituti Pedagogjik i Kosov\u00ebs"},"image":{"@id":"https:\/\/ipkmasht.rks-gov.net\/#\/schema\/logo\/image\/"},"sameAs":["https:\/\/www.facebook.com\/Instituti-Pedagogjik-i-Kosoves-101758021389817"]}]}},"_links":{"self":[{"href":"https:\/\/ipkmasht.rks-gov.net\/en\/wp-json\/wp\/v2\/pages\/5647"}],"collection":[{"href":"https:\/\/ipkmasht.rks-gov.net\/en\/wp-json\/wp\/v2\/pages"}],"about":[{"href":"https:\/\/ipkmasht.rks-gov.net\/en\/wp-json\/wp\/v2\/types\/page"}],"author":[{"embeddable":true,"href":"https:\/\/ipkmasht.rks-gov.net\/en\/wp-json\/wp\/v2\/users\/1"}],"replies":[{"embeddable":true,"href":"https:\/\/ipkmasht.rks-gov.net\/en\/wp-json\/wp\/v2\/comments?post=5647"}],"version-history":[{"count":2,"href":"https:\/\/ipkmasht.rks-gov.net\/en\/wp-json\/wp\/v2\/pages\/5647\/revisions"}],"predecessor-version":[{"id":5649,"href":"https:\/\/ipkmasht.rks-gov.net\/en\/wp-json\/wp\/v2\/pages\/5647\/revisions\/5649"}],"wp:attachment":[{"href":"https:\/\/ipkmasht.rks-gov.net\/en\/wp-json\/wp\/v2\/media?parent=5647"}],"curies":[{"name":"wp","href":"https:\/\/api.w.org\/{rel}","templated":true}]}}