{"id":3106,"date":"2016-06-03T12:15:53","date_gmt":"2016-06-03T11:15:53","guid":{"rendered":"http:\/\/localhost\/instituti\/home\/"},"modified":"2020-12-24T08:50:24","modified_gmt":"2020-12-24T08:50:24","slug":"home","status":"publish","type":"page","link":"https:\/\/ipkmasht.rks-gov.net\/en\/home\/","title":{"rendered":"Home"},"content":{"rendered":"<p>[vc_row css=&#8221;.vc_custom_1606906026621{margin-top: -30px !important;}&#8221;][vc_column width=&#8221;2\/3&#8243;][vc_row_inner][vc_column_inner width=&#8221;1\/5&#8243; offset=&#8221;vc_hidden-xs&#8221;][vc_custom_heading text=&#8221;News&#8221; font_container=&#8221;tag:h4|text_align:left|color:%230a0a0a&#8221; use_theme_fonts=&#8221;yes&#8221;][\/vc_column_inner][vc_column_inner width=&#8221;1\/5&#8243; css=&#8221;.vc_custom_1606914221975{margin-left: -70px !important;}&#8221; offset=&#8221;vc_hidden-xs&#8221;][\/vc_column_inner][vc_column_inner width=&#8221;1\/5&#8243;][\/vc_column_inner][vc_column_inner width=&#8221;1\/5&#8243;][\/vc_column_inner][vc_column_inner width=&#8221;1\/5&#8243;][\/vc_column_inner][\/vc_row_inner][vc_basic_grid post_type=&#8221;post&#8221; max_items=&#8221;2&#8243; element_width=&#8221;6&#8243; item=&#8221;2254&#8243; grid_id=&#8221;vc_gid:1607094199184-c05b5946-fec9-5&#8243; taxonomies=&#8221;76&#8243;][\/vc_column][vc_column width=&#8221;1\/3&#8243; offset=&#8221;vc_hidden-lg vc_hidden-md vc_hidden-sm vc_hidden-xs&#8221;][vc_row_inner css=&#8221;.vc_custom_1606902034107{padding-right: 30px !important;padding-bottom: 15px !important;padding-left: 30px !important;}&#8221;][vc_column_inner width=&#8221;1\/3&#8243; offset=&#8221;vc_hidden-xs&#8221;][vc_custom_heading text=&#8221;Njoftime&#8221; font_container=&#8221;tag:h4|text_align:left|color:%230a0a0a&#8221; use_theme_fonts=&#8221;yes&#8221;][\/vc_column_inner][vc_column_inner width=&#8221;1\/3&#8243; css=&#8221;.vc_custom_1606914434635{margin-left: -20px !important;}&#8221; offset=&#8221;vc_hidden-xs&#8221;][vc_custom_heading text=&#8221;T\u00eb gjitha&#8221; font_container=&#8221;tag:div|text_align:left|color:%230a0a0a&#8221; use_theme_fonts=&#8221;yes&#8221; css=&#8221;.vc_custom_1606914333074{border-left-width: 2px !important;padding-left: 2px !important;border-left-color: #3366cc !important;border-left-style: solid !important;}&#8221; link=&#8221;url:http%3A%2F%2Flocalhost%2Finstituti%2Fpublikimet%2F|title:Publikimet||&#8221;][\/vc_column_inner][vc_column_inner width=&#8221;1\/3&#8243;][\/vc_column_inner][\/vc_row_inner][vc_row_inner css=&#8221;.vc_custom_1606902034107{padding-right: 30px !important;padding-bottom: 15px !important;padding-left: 30px !important;}&#8221;][vc_column_inner width=&#8221;1\/3&#8243; offset=&#8221;vc_hidden-lg vc_hidden-md vc_hidden-sm&#8221;][vc_custom_heading text=&#8221;Njoftime&#8221; font_container=&#8221;tag:h4|text_align:left|color:%230a0a0a&#8221; use_theme_fonts=&#8221;yes&#8221;][\/vc_column_inner][vc_column_inner width=&#8221;1\/3&#8243; css=&#8221;.vc_custom_1606914388825{margin-left: -20px !important;}&#8221; offset=&#8221;vc_hidden-lg vc_hidden-md vc_hidden-sm&#8221;][vc_custom_heading text=&#8221;T\u00eb gjitha&#8221; font_container=&#8221;tag:div|text_align:left|color:%230a0a0a&#8221; use_theme_fonts=&#8221;yes&#8221; css=&#8221;.vc_custom_1606914333074{border-left-width: 2px !important;padding-left: 2px !important;border-left-color: #3366cc !important;border-left-style: solid !important;}&#8221; link=&#8221;url:http%3A%2F%2Flocalhost%2Finstituti%2Fpublikimet%2F|title:Publikimet||&#8221;][\/vc_column_inner][vc_column_inner width=&#8221;1\/3&#8243;][\/vc_column_inner][\/vc_row_inner][vc_basic_grid post_type=&#8221;post&#8221; max_items=&#8221;3&#8243; element_width=&#8221;12&#8243; item=&#8221;2256&#8243; grid_id=&#8221;vc_gid:1607094199187-68fd177b-ef3a-4&#8243; css=&#8221;.vc_custom_1606927178391{padding-left: 25px !important;}&#8221;][\/vc_column][\/vc_row][vc_row content_placement=&#8221;middle&#8221; type=&#8221;vc_default&#8221; css=&#8221;.vc_custom_1474212321334{padding-bottom: 55px !important;}&#8221;][vc_column offset=&#8221;vc_col-lg-offset-0 vc_col-lg-12 vc_hidden-lg vc_col-md-offset-0 vc_col-md-12 vc_hidden-md vc_hidden-sm vc_col-xs-12 vc_hidden-xs&#8221;][vc_custom_heading text=&#8221;Publikime&#8221; font_container=&#8221;tag:h4|text_align:left|color:%230a0a0a&#8221; use_theme_fonts=&#8221;yes&#8221;][vc_basic_grid post_type=&#8221;post&#8221; max_items=&#8221;4&#8243; element_width=&#8221;3&#8243; item=&#8221;2249&#8243; grid_id=&#8221;vc_gid:1607094199190-a405e289-a939-1&#8243; taxonomies=&#8221;75&#8243;][\/vc_column][\/vc_row][vc_row gap=&#8221;30&#8243; equal_height=&#8221;yes&#8221; type=&#8221;vc_default&#8221; css=&#8221;.vc_custom_1607093175321{padding-bottom: 55px !important;}&#8221;][vc_column width=&#8221;1\/3&#8243; offset=&#8221;vc_col-lg-offset-0 vc_col-lg-4 vc_col-md-offset-0 vc_col-md-4 vc_col-xs-12&#8243; css=&#8221;.vc_custom_1607093142297{margin-top: -40px !important;}&#8221;][vc_custom_heading text=&#8221;Gallery&#8221; font_container=&#8221;tag:h4|text_align:left|color:%230a0a0a&#8221; use_theme_fonts=&#8221;yes&#8221;][dt_media_gallery_carousel resized_image_dimensions=&#8221;4&#215;3&#8243; image_border_radius=&#8221;0px&#8221; slides_on_wide_desk=&#8221;1&#8243; slides_on_desk=&#8221;1&#8243; slides_on_lapt=&#8221;1&#8243; slides_on_h_tabs=&#8221;1&#8243; slides_on_v_tabs=&#8221;1&#8243; item_space=&#8221;20&#8243; autoplay=&#8221;y&#8221; show_zoom=&#8221;n&#8221; arrows=&#8221;n&#8221; include=&#8221;3111,3129,3183,3219&#8243;][\/vc_column][vc_column width=&#8221;1\/3&#8243; css=&#8221;.vc_custom_1606980375115{margin-top: -10px !important;}&#8221; offset=&#8221;vc_hidden-lg vc_hidden-md vc_hidden-sm vc_hidden-xs&#8221;][vc_custom_heading text=&#8221;Kalendari&#8221; font_container=&#8221;tag:h4|text_align:left|color:%230a0a0a&#8221; use_theme_fonts=&#8221;yes&#8221; css=&#8221;.vc_custom_1606929487914{margin-bottom: -10px !important;}&#8221;][vc_wp_calendar][\/vc_column][vc_column width=&#8221;1\/3&#8243; css=&#8221;.vc_custom_1607093194130{margin-top: -20px !important;}&#8221;][vc_custom_heading text=&#8221;Contact&#8221; font_container=&#8221;tag:h4|text_align:left|color:%230a0a0a&#8221; use_theme_fonts=&#8221;yes&#8221; css=&#8221;.vc_custom_1607093164127{margin-top: -20px !important;}&#8221;]\n<div class=\"wpcf7 no-js\" id=\"wpcf7-f3555-o1\" lang=\"sq-AL\" dir=\"ltr\" data-wpcf7-id=\"3555\">\n<div class=\"screen-reader-response\"><p role=\"status\" aria-live=\"polite\" aria-atomic=\"true\"><\/p> <ul><\/ul><\/div>\n<form action=\"\/en\/wp-json\/wp\/v2\/pages\/3106#wpcf7-f3555-o1\" method=\"post\" class=\"wpcf7-form init\" aria-label=\"Contact form\" novalidate=\"novalidate\" data-status=\"init\" data-trp-original-action=\"\/en\/wp-json\/wp\/v2\/pages\/3106#wpcf7-f3555-o1\">\n<fieldset class=\"hidden-fields-container\"><input type=\"hidden\" name=\"_wpcf7\" value=\"3555\" \/><input type=\"hidden\" name=\"_wpcf7_version\" value=\"6.1.3\" \/><input type=\"hidden\" name=\"_wpcf7_locale\" value=\"sq_AL\" \/><input type=\"hidden\" name=\"_wpcf7_unit_tag\" value=\"wpcf7-f3555-o1\" \/><input type=\"hidden\" name=\"_wpcf7_container_post\" value=\"0\" \/><input type=\"hidden\" name=\"_wpcf7_posted_data_hash\" value=\"\" \/>\n<\/fieldset>\n<p><label> Your name (required)<br \/>\n<span class=\"wpcf7-form-control-wrap\" data-name=\"your-name\"><input size=\"40\" maxlength=\"400\" class=\"wpcf7-form-control wpcf7-text wpcf7-validates-as-required\" aria-required=\"true\" aria-invalid=\"false\" value=\"\" type=\"text\" name=\"your-name\" \/><\/span> <\/label>\n<\/p>\n<p><label> Your email (required)<br \/>\n<span class=\"wpcf7-form-control-wrap\" data-name=\"your-email\"><input size=\"40\" maxlength=\"400\" class=\"wpcf7-form-control wpcf7-email wpcf7-validates-as-required wpcf7-text wpcf7-validates-as-email\" aria-required=\"true\" aria-invalid=\"false\" value=\"\" type=\"email\" name=\"your-email\" \/><\/span> <\/label>\n<\/p>\n<p><label> Your message (optional)<br \/>\n<span class=\"wpcf7-form-control-wrap\" data-name=\"your-message\"><textarea cols=\"40\" rows=\"10\" maxlength=\"2000\" class=\"wpcf7-form-control wpcf7-textarea\" aria-invalid=\"false\" name=\"your-message\"><\/textarea><\/span> <\/label>\n<\/p>\n<p><input class=\"wpcf7-form-control wpcf7-submit has-spinner\" type=\"submit\" value=\"Submit\" \/>\n<\/p><div class=\"wpcf7-response-output\" aria-hidden=\"true\"><\/div>\n<input type=\"hidden\" name=\"trp-form-language\" value=\"en\"\/><\/form>\n<\/div>\n[\/vc_column][\/vc_row]<\/p>","protected":false},"excerpt":{"rendered":"<p>[vc_row css=&#8221;.vc_custom_1606906026621{margin-top: -30px !important;}&#8221;][vc_column width=&#8221;2\/3&#8243;][vc_row_inner][vc_column_inner width=&#8221;1\/5&#8243; offset=&#8221;vc_hidden-xs&#8221;][vc_custom_heading text=&#8221;News&#8221; font_container=&#8221;tag:h4|text_align:left|color:%230a0a0a&#8221; use_theme_fonts=&#8221;yes&#8221;][\/vc_column_inner][vc_column_inner width=&#8221;1\/5&#8243; css=&#8221;.vc_custom_1606914221975{margin-left: -70px !important;}&#8221; offset=&#8221;vc_hidden-xs&#8221;][\/vc_column_inner][vc_column_inner width=&#8221;1\/5&#8243;][\/vc_column_inner][vc_column_inner width=&#8221;1\/5&#8243;][\/vc_column_inner][vc_column_inner width=&#8221;1\/5&#8243;][\/vc_column_inner][\/vc_row_inner][vc_basic_grid post_type=&#8221;post&#8221; max_items=&#8221;2&#8243; element_width=&#8221;6&#8243; item=&#8221;2254&#8243; grid_id=&#8221;vc_gid:1607094199184-c05b5946-fec9-5&#8243; taxonomies=&#8221;76&#8243;][\/vc_column][vc_column width=&#8221;1\/3&#8243; offset=&#8221;vc_hidden-lg vc_hidden-md vc_hidden-sm vc_hidden-xs&#8221;][vc_row_inner css=&#8221;.vc_custom_1606902034107{padding-right: 30px !important;padding-bottom: 15px !important;padding-left: 30px !important;}&#8221;][vc_column_inner width=&#8221;1\/3&#8243; offset=&#8221;vc_hidden-xs&#8221;][vc_custom_heading text=&#8221;Njoftime&#8221; font_container=&#8221;tag:h4|text_align:left|color:%230a0a0a&#8221; use_theme_fonts=&#8221;yes&#8221;][\/vc_column_inner][vc_column_inner width=&#8221;1\/3&#8243; css=&#8221;.vc_custom_1606914434635{margin-left: -20px !important;}&#8221; offset=&#8221;vc_hidden-xs&#8221;][vc_custom_heading text=&#8221;T\u00eb gjitha&#8221; font_container=&#8221;tag:div|text_align:left|color:%230a0a0a&#8221; use_theme_fonts=&#8221;yes&#8221; css=&#8221;.vc_custom_1606914333074{border-left-width: 2px !important;padding-left: 2px !important;border-left-color: #3366cc !important;border-left-style: solid !important;}&#8221; link=&#8221;url:http%3A%2F%2Flocalhost%2Finstituti%2Fpublikimet%2F|title:Publikimet||&#8221;][\/vc_column_inner][vc_column_inner width=&#8221;1\/3&#8243;][\/vc_column_inner][\/vc_row_inner][vc_row_inner css=&#8221;.vc_custom_1606902034107{padding-right: 30px !important;padding-bottom: 15px !important;padding-left: 30px !important;}&#8221;][vc_column_inner width=&#8221;1\/3&#8243; offset=&#8221;vc_hidden-lg vc_hidden-md vc_hidden-sm&#8221;][vc_custom_heading text=&#8221;Njoftime&#8221; font_container=&#8221;tag:h4|text_align:left|color:%230a0a0a&#8221; use_theme_fonts=&#8221;yes&#8221;][\/vc_column_inner][vc_column_inner width=&#8221;1\/3&#8243; css=&#8221;.vc_custom_1606914388825{margin-left: -20px !important;}&#8221; offset=&#8221;vc_hidden-lg vc_hidden-md vc_hidden-sm&#8221;][vc_custom_heading text=&#8221;T\u00eb gjitha&#8221; font_container=&#8221;tag:div|text_align:left|color:%230a0a0a&#8221; use_theme_fonts=&#8221;yes&#8221; css=&#8221;.vc_custom_1606914333074{border-left-width: 2px !important;padding-left: 2px !important;border-left-color: #3366cc !important;border-left-style: solid !important;}&#8221; link=&#8221;url:http%3A%2F%2Flocalhost%2Finstituti%2Fpublikimet%2F|title:Publikimet||&#8221;][\/vc_column_inner][vc_column_inner width=&#8221;1\/3&#8243;][\/vc_column_inner][\/vc_row_inner][vc_basic_grid post_type=&#8221;post&#8221; max_items=&#8221;3&#8243; element_width=&#8221;12&#8243; item=&#8221;2256&#8243; grid_id=&#8221;vc_gid:1607094199187-68fd177b-ef3a-4&#8243; css=&#8221;.vc_custom_1606927178391{padding-left: 25px !important;}&#8221;][\/vc_column][\/vc_row][vc_row content_placement=&#8221;middle&#8221; type=&#8221;vc_default&#8221; css=&#8221;.vc_custom_1474212321334{padding-bottom: 55px !important;}&#8221;][vc_column offset=&#8221;vc_col-lg-offset-0 vc_col-lg-12 vc_hidden-lg vc_col-md-offset-0 vc_col-md-12 vc_hidden-md vc_hidden-sm vc_col-xs-12 vc_hidden-xs&#8221;][vc_custom_heading text=&#8221;Publikime&#8221; font_container=&#8221;tag:h4|text_align:left|color:%230a0a0a&#8221; use_theme_fonts=&#8221;yes&#8221;][vc_basic_grid post_type=&#8221;post&#8221; max_items=&#8221;4&#8243; element_width=&#8221;3&#8243; item=&#8221;2249&#8243; grid_id=&#8221;vc_gid:1607094199190-a405e289-a939-1&#8243; taxonomies=&#8221;75&#8243;][\/vc_column][\/vc_row][vc_row gap=&#8221;30&#8243; equal_height=&#8221;yes&#8221; type=&#8221;vc_default&#8221; css=&#8221;.vc_custom_1607093175321{padding-bottom: 55px !important;}&#8221;][vc_column width=&#8221;1\/3&#8243; offset=&#8221;vc_col-lg-offset-0 vc_col-lg-4 vc_col-md-offset-0 vc_col-md-4 vc_col-xs-12&#8243; css=&#8221;.vc_custom_1607093142297{margin-top: -40px !important;}&#8221;][vc_custom_heading text=&#8221;Gallery&#8221; font_container=&#8221;tag:h4|text_align:left|color:%230a0a0a&#8221; use_theme_fonts=&#8221;yes&#8221;][dt_media_gallery_carousel resized_image_dimensions=&#8221;4&#215;3&#8243; image_border_radius=&#8221;0px&#8221; slides_on_wide_desk=&#8221;1&#8243; slides_on_desk=&#8221;1&#8243; slides_on_lapt=&#8221;1&#8243; slides_on_h_tabs=&#8221;1&#8243; slides_on_v_tabs=&#8221;1&#8243; item_space=&#8221;20&#8243; autoplay=&#8221;y&#8221; show_zoom=&#8221;n&#8221; arrows=&#8221;n&#8221; include=&#8221;3111,3129,3183,3219&#8243;][\/vc_column][vc_column width=&#8221;1\/3&#8243; css=&#8221;.vc_custom_1606980375115{margin-top: -10px !important;}&#8221; offset=&#8221;vc_hidden-lg vc_hidden-md vc_hidden-sm vc_hidden-xs&#8221;][vc_custom_heading text=&#8221;Kalendari&#8221; font_container=&#8221;tag:h4|text_align:left|color:%230a0a0a&#8221; use_theme_fonts=&#8221;yes&#8221; css=&#8221;.vc_custom_1606929487914{margin-bottom: -10px !important;}&#8221;][vc_wp_calendar][\/vc_column][vc_column width=&#8221;1\/3&#8243; css=&#8221;.vc_custom_1607093194130{margin-top: -20px !important;}&#8221;][vc_custom_heading text=&#8221;Contact&#8221; font_container=&#8221;tag:h4|text_align:left|color:%230a0a0a&#8221; use_theme_fonts=&#8221;yes&#8221; css=&#8221;.vc_custom_1607093164127{margin-top: -20px !important;}&#8221;][\/vc_column][\/vc_row]<\/p>","protected":false},"author":1,"featured_media":4037,"parent":0,"menu_order":0,"comment_status":"closed","ping_status":"closed","template":"","meta":{"footnotes":""},"class_list":["post-3106","page","type-page","status-publish","has-post-thumbnail","hentry"],"acf":[],"yoast_head":"<!-- This site is optimized with the Yoast SEO plugin v23.9 - https:\/\/yoast.com\/wordpress\/plugins\/seo\/ -->\n<title>Home - Instituti Pedagogjik i Kosov\u00ebs<\/title>\n<meta name=\"robots\" content=\"index, follow, max-snippet:-1, max-image-preview:large, max-video-preview:-1\" \/>\n<link rel=\"canonical\" href=\"https:\/\/ipkmasht.rks-gov.net\/en\/home\/\" \/>\n<meta property=\"og:locale\" content=\"en_US\" \/>\n<meta property=\"og:type\" content=\"article\" \/>\n<meta property=\"og:title\" content=\"Home - Instituti Pedagogjik i Kosov\u00ebs\" \/>\n<meta property=\"og:url\" content=\"https:\/\/ipkmasht.rks-gov.net\/en\/home\/\" \/>\n<meta property=\"og:site_name\" content=\"Instituti Pedagogjik i Kosov\u00ebs\" \/>\n<meta property=\"article:publisher\" content=\"https:\/\/www.facebook.com\/Instituti-Pedagogjik-i-Kosoves-101758021389817\" \/>\n<meta property=\"article:modified_time\" content=\"2020-12-24T08:50:24+00:00\" \/>\n<meta property=\"og:image\" content=\"https:\/\/ipkmasht.rks-gov.net\/wp-content\/uploads\/2020\/12\/Untitled-2differentlogo.png\" \/>\n\t<meta property=\"og:image:width\" content=\"604\" \/>\n\t<meta property=\"og:image:height\" content=\"398\" \/>\n\t<meta property=\"og:image:type\" content=\"image\/png\" \/>\n<meta name=\"twitter:card\" content=\"summary_large_image\" \/>\n<meta name=\"twitter:label1\" content=\"Est. reading time\" \/>\n\t<meta name=\"twitter:data1\" content=\"3 minutes\" \/>\n<script type=\"application\/ld+json\" class=\"yoast-schema-graph\">{\"@context\":\"https:\/\/schema.org\",\"@graph\":[{\"@type\":\"WebPage\",\"@id\":\"https:\/\/ipkmasht.rks-gov.net\/en\/home\/\",\"url\":\"https:\/\/ipkmasht.rks-gov.net\/en\/home\/\",\"name\":\"Home - Instituti Pedagogjik i Kosov\u00ebs\",\"isPartOf\":{\"@id\":\"https:\/\/ipkmasht.rks-gov.net\/#website\"},\"primaryImageOfPage\":{\"@id\":\"https:\/\/ipkmasht.rks-gov.net\/en\/home\/#primaryimage\"},\"image\":{\"@id\":\"https:\/\/ipkmasht.rks-gov.net\/en\/home\/#primaryimage\"},\"thumbnailUrl\":\"https:\/\/ipkmasht.rks-gov.net\/wp-content\/uploads\/2020\/12\/Untitled-2differentlogo.png\",\"datePublished\":\"2016-06-03T11:15:53+00:00\",\"dateModified\":\"2020-12-24T08:50:24+00:00\",\"breadcrumb\":{\"@id\":\"https:\/\/ipkmasht.rks-gov.net\/en\/home\/#breadcrumb\"},\"inLanguage\":\"en-US\",\"potentialAction\":[{\"@type\":\"ReadAction\",\"target\":[\"https:\/\/ipkmasht.rks-gov.net\/en\/home\/\"]}]},{\"@type\":\"ImageObject\",\"inLanguage\":\"en-US\",\"@id\":\"https:\/\/ipkmasht.rks-gov.net\/en\/home\/#primaryimage\",\"url\":\"https:\/\/ipkmasht.rks-gov.net\/wp-content\/uploads\/2020\/12\/Untitled-2differentlogo.png\",\"contentUrl\":\"https:\/\/ipkmasht.rks-gov.net\/wp-content\/uploads\/2020\/12\/Untitled-2differentlogo.png\",\"width\":604,\"height\":398,\"caption\":\"Logo per SEO\"},{\"@type\":\"BreadcrumbList\",\"@id\":\"https:\/\/ipkmasht.rks-gov.net\/en\/home\/#breadcrumb\",\"itemListElement\":[{\"@type\":\"ListItem\",\"position\":1,\"name\":\"Home\",\"item\":\"https:\/\/ipkmasht.rks-gov.net\/en\/\"},{\"@type\":\"ListItem\",\"position\":2,\"name\":\"Home\"}]},{\"@type\":\"WebSite\",\"@id\":\"https:\/\/ipkmasht.rks-gov.net\/#website\",\"url\":\"https:\/\/ipkmasht.rks-gov.net\/\",\"name\":\"Instituti Pedagogjik i Kosov\u00ebs\",\"description\":\"Cil\u00ebsia e arsimit \u00ebsht\u00eb prioritet\",\"publisher\":{\"@id\":\"https:\/\/ipkmasht.rks-gov.net\/#organization\"},\"potentialAction\":[{\"@type\":\"SearchAction\",\"target\":{\"@type\":\"EntryPoint\",\"urlTemplate\":\"https:\/\/ipkmasht.rks-gov.net\/?s={search_term_string}\"},\"query-input\":{\"@type\":\"PropertyValueSpecification\",\"valueRequired\":true,\"valueName\":\"search_term_string\"}}],\"inLanguage\":\"en-US\"},{\"@type\":\"Organization\",\"@id\":\"https:\/\/ipkmasht.rks-gov.net\/#organization\",\"name\":\"Instituti Pedagogjik i Kosov\u00ebs\",\"url\":\"https:\/\/ipkmasht.rks-gov.net\/\",\"logo\":{\"@type\":\"ImageObject\",\"inLanguage\":\"en-US\",\"@id\":\"https:\/\/ipkmasht.rks-gov.net\/#\/schema\/logo\/image\/\",\"url\":\"https:\/\/ipkmasht.rks-gov.net\/wp-content\/uploads\/2020\/12\/Untitled-2differentlogo.png\",\"contentUrl\":\"https:\/\/ipkmasht.rks-gov.net\/wp-content\/uploads\/2020\/12\/Untitled-2differentlogo.png\",\"width\":604,\"height\":398,\"caption\":\"Instituti Pedagogjik i Kosov\u00ebs\"},\"image\":{\"@id\":\"https:\/\/ipkmasht.rks-gov.net\/#\/schema\/logo\/image\/\"},\"sameAs\":[\"https:\/\/www.facebook.com\/Instituti-Pedagogjik-i-Kosoves-101758021389817\"]}]}<\/script>\n<!-- \/ Yoast SEO plugin. -->","yoast_head_json":{"title":"Home - Instituti Pedagogjik i Kosov\u00ebs","robots":{"index":"index","follow":"follow","max-snippet":"max-snippet:-1","max-image-preview":"max-image-preview:large","max-video-preview":"max-video-preview:-1"},"canonical":"https:\/\/ipkmasht.rks-gov.net\/en\/home\/","og_locale":"en_US","og_type":"article","og_title":"Home - Instituti Pedagogjik i Kosov\u00ebs","og_url":"https:\/\/ipkmasht.rks-gov.net\/en\/home\/","og_site_name":"Instituti Pedagogjik i Kosov\u00ebs","article_publisher":"https:\/\/www.facebook.com\/Instituti-Pedagogjik-i-Kosoves-101758021389817","article_modified_time":"2020-12-24T08:50:24+00:00","og_image":[{"width":604,"height":398,"url":"https:\/\/ipkmasht.rks-gov.net\/wp-content\/uploads\/2020\/12\/Untitled-2differentlogo.png","type":"image\/png"}],"twitter_card":"summary_large_image","twitter_misc":{"Est. reading time":"3 minutes"},"schema":{"@context":"https:\/\/schema.org","@graph":[{"@type":"WebPage","@id":"https:\/\/ipkmasht.rks-gov.net\/en\/home\/","url":"https:\/\/ipkmasht.rks-gov.net\/en\/home\/","name":"Home - Instituti Pedagogjik i Kosov\u00ebs","isPartOf":{"@id":"https:\/\/ipkmasht.rks-gov.net\/#website"},"primaryImageOfPage":{"@id":"https:\/\/ipkmasht.rks-gov.net\/en\/home\/#primaryimage"},"image":{"@id":"https:\/\/ipkmasht.rks-gov.net\/en\/home\/#primaryimage"},"thumbnailUrl":"https:\/\/ipkmasht.rks-gov.net\/wp-content\/uploads\/2020\/12\/Untitled-2differentlogo.png","datePublished":"2016-06-03T11:15:53+00:00","dateModified":"2020-12-24T08:50:24+00:00","breadcrumb":{"@id":"https:\/\/ipkmasht.rks-gov.net\/en\/home\/#breadcrumb"},"inLanguage":"en-US","potentialAction":[{"@type":"ReadAction","target":["https:\/\/ipkmasht.rks-gov.net\/en\/home\/"]}]},{"@type":"ImageObject","inLanguage":"en-US","@id":"https:\/\/ipkmasht.rks-gov.net\/en\/home\/#primaryimage","url":"https:\/\/ipkmasht.rks-gov.net\/wp-content\/uploads\/2020\/12\/Untitled-2differentlogo.png","contentUrl":"https:\/\/ipkmasht.rks-gov.net\/wp-content\/uploads\/2020\/12\/Untitled-2differentlogo.png","width":604,"height":398,"caption":"Logo per SEO"},{"@type":"BreadcrumbList","@id":"https:\/\/ipkmasht.rks-gov.net\/en\/home\/#breadcrumb","itemListElement":[{"@type":"ListItem","position":1,"name":"Home","item":"https:\/\/ipkmasht.rks-gov.net\/en\/"},{"@type":"ListItem","position":2,"name":"Home"}]},{"@type":"WebSite","@id":"https:\/\/ipkmasht.rks-gov.net\/#website","url":"https:\/\/ipkmasht.rks-gov.net\/","name":"Kosovo Pedagogical Institute","description":"Cil\u00ebsia e arsimit \u00ebsht\u00eb prioritet","publisher":{"@id":"https:\/\/ipkmasht.rks-gov.net\/#organization"},"potentialAction":[{"@type":"SearchAction","target":{"@type":"EntryPoint","urlTemplate":"https:\/\/ipkmasht.rks-gov.net\/?s={search_term_string}"},"query-input":{"@type":"PropertyValueSpecification","valueRequired":true,"valueName":"search_term_string"}}],"inLanguage":"en-US"},{"@type":"Organization","@id":"https:\/\/ipkmasht.rks-gov.net\/#organization","name":"Kosovo Pedagogical Institute","url":"https:\/\/ipkmasht.rks-gov.net\/","logo":{"@type":"ImageObject","inLanguage":"en-US","@id":"https:\/\/ipkmasht.rks-gov.net\/#\/schema\/logo\/image\/","url":"https:\/\/ipkmasht.rks-gov.net\/wp-content\/uploads\/2020\/12\/Untitled-2differentlogo.png","contentUrl":"https:\/\/ipkmasht.rks-gov.net\/wp-content\/uploads\/2020\/12\/Untitled-2differentlogo.png","width":604,"height":398,"caption":"Instituti Pedagogjik i Kosov\u00ebs"},"image":{"@id":"https:\/\/ipkmasht.rks-gov.net\/#\/schema\/logo\/image\/"},"sameAs":["https:\/\/www.facebook.com\/Instituti-Pedagogjik-i-Kosoves-101758021389817"]}]}},"_links":{"self":[{"href":"https:\/\/ipkmasht.rks-gov.net\/en\/wp-json\/wp\/v2\/pages\/3106"}],"collection":[{"href":"https:\/\/ipkmasht.rks-gov.net\/en\/wp-json\/wp\/v2\/pages"}],"about":[{"href":"https:\/\/ipkmasht.rks-gov.net\/en\/wp-json\/wp\/v2\/types\/page"}],"author":[{"embeddable":true,"href":"https:\/\/ipkmasht.rks-gov.net\/en\/wp-json\/wp\/v2\/users\/1"}],"replies":[{"embeddable":true,"href":"https:\/\/ipkmasht.rks-gov.net\/en\/wp-json\/wp\/v2\/comments?post=3106"}],"version-history":[{"count":1,"href":"https:\/\/ipkmasht.rks-gov.net\/en\/wp-json\/wp\/v2\/pages\/3106\/revisions"}],"predecessor-version":[{"id":4050,"href":"https:\/\/ipkmasht.rks-gov.net\/en\/wp-json\/wp\/v2\/pages\/3106\/revisions\/4050"}],"wp:featuredmedia":[{"embeddable":true,"href":"https:\/\/ipkmasht.rks-gov.net\/en\/wp-json\/wp\/v2\/media\/4037"}],"wp:attachment":[{"href":"https:\/\/ipkmasht.rks-gov.net\/en\/wp-json\/wp\/v2\/media?parent=3106"}],"curies":[{"name":"wp","href":"https:\/\/api.w.org\/{rel}","templated":true}]}}